{"id":581,"date":"2023-06-26T16:49:38","date_gmt":"2023-06-26T22:49:38","guid":{"rendered":"https:\/\/aygsport.ijimage.com\/?page_id=581"},"modified":"2023-06-26T17:33:21","modified_gmt":"2023-06-26T23:33:21","slug":"lista-de-deseos","status":"publish","type":"page","link":"https:\/\/aygsport.ijimage.com\/en\/lista-de-deseos\/","title":{"rendered":"Lista de Deseos"},"content":{"rendered":"<div data-elementor-type=\"wp-page\" data-elementor-id=\"581\" class=\"elementor elementor-581\" data-elementor-post-type=\"page\">\n\t\t\t\t\t\t<section class=\"elementor-section elementor-top-section elementor-element elementor-element-38e2b90 elementor-section-boxed elementor-section-height-default elementor-section-height-default\" data-id=\"38e2b90\" data-element_type=\"section\" data-e-type=\"section\" data-settings=\"{&quot;background_background&quot;:&quot;classic&quot;,&quot;jet_parallax_layout_list&quot;:[]}\">\n\t\t\t\t\t\t\t<div class=\"elementor-background-overlay\"><\/div>\n\t\t\t\t\t\t\t<div class=\"elementor-container elementor-column-gap-no\">\n\t\t\t\t\t<div class=\"elementor-column elementor-col-100 elementor-top-column elementor-element elementor-element-6bb2be4\" data-id=\"6bb2be4\" data-element_type=\"column\" data-e-type=\"column\">\n\t\t\t<div class=\"elementor-widget-wrap elementor-element-populated\">\n\t\t\t\t\t\t<section class=\"elementor-section elementor-inner-section elementor-element elementor-element-fd97955 elementor-section-boxed elementor-section-height-default elementor-section-height-default\" data-id=\"fd97955\" data-element_type=\"section\" data-e-type=\"section\" data-settings=\"{&quot;jet_parallax_layout_list&quot;:[]}\">\n\t\t\t\t\t\t<div class=\"elementor-container elementor-column-gap-no\">\n\t\t\t\t\t<div class=\"elementor-column elementor-col-100 elementor-inner-column elementor-element elementor-element-1d707f1\" data-id=\"1d707f1\" data-element_type=\"column\" data-e-type=\"column\">\n\t\t\t<div class=\"elementor-widget-wrap elementor-element-populated\">\n\t\t\t\t\t\t<div class=\"elementor-element elementor-element-bcf0beb elementor-invisible elementor-widget elementor-widget-heading\" data-id=\"bcf0beb\" data-element_type=\"widget\" data-e-type=\"widget\" data-settings=\"{&quot;_animation&quot;:&quot;fadeInDown&quot;}\" data-widget_type=\"heading.default\">\n\t\t\t\t<div class=\"elementor-widget-container\">\n\t\t\t\t\t<h6 class=\"elementor-heading-title elementor-size-default\">Usuario<\/h6>\t\t\t\t<\/div>\n\t\t\t\t<\/div>\n\t\t\t\t\t<\/div>\n\t\t<\/div>\n\t\t\t\t\t<\/div>\n\t\t<\/section>\n\t\t\t\t<div class=\"elementor-element elementor-element-62cec30 elementor-icon-list--layout-inline elementor-align-center elementor-list-item-link-full_width elementor-widget elementor-widget-icon-list\" data-id=\"62cec30\" data-element_type=\"widget\" data-e-type=\"widget\" data-widget_type=\"icon-list.default\">\n\t\t\t\t<div class=\"elementor-widget-container\">\n\t\t\t\t\t\t\t<ul class=\"elementor-icon-list-items elementor-inline-items\">\n\t\t\t\t\t\t\t<li class=\"elementor-icon-list-item elementor-inline-item\">\n\t\t\t\t\t\t\t\t\t\t\t<a href=\"https:\/\/aygsport.ijimage.com\/en\">\n\n\t\t\t\t\t\t\t\t\t\t\t\t<span class=\"elementor-icon-list-icon\">\n\t\t\t\t\t\t\t<i aria-hidden=\"true\" class=\"fas fa-home\"><\/i>\t\t\t\t\t\t<\/span>\n\t\t\t\t\t\t\t\t\t\t<span class=\"elementor-icon-list-text\">inicio<\/span>\n\t\t\t\t\t\t\t\t\t\t\t<\/a>\n\t\t\t\t\t\t\t\t\t<\/li>\n\t\t\t\t\t\t\t\t<li class=\"elementor-icon-list-item elementor-inline-item\">\n\t\t\t\t\t\t\t\t\t\t\t<span class=\"elementor-icon-list-icon\">\n\t\t\t\t\t\t\t<i aria-hidden=\"true\" class=\"fas fa-angle-right\"><\/i>\t\t\t\t\t\t<\/span>\n\t\t\t\t\t\t\t\t\t\t<span class=\"elementor-icon-list-text\"><\/span>\n\t\t\t\t\t\t\t\t\t<\/li>\n\t\t\t\t\t\t<\/ul>\n\t\t\t\t\t\t<\/div>\n\t\t\t\t<\/div>\n\t\t\t\t\t<\/div>\n\t\t<\/div>\n\t\t\t\t\t<\/div>\n\t\t<\/section>\n\t\t\t\t<section class=\"elementor-section elementor-top-section elementor-element elementor-element-0fa0304 elementor-section-boxed elementor-section-height-default elementor-section-height-default\" data-id=\"0fa0304\" data-element_type=\"section\" data-e-type=\"section\" data-settings=\"{&quot;background_background&quot;:&quot;classic&quot;,&quot;jet_parallax_layout_list&quot;:[]}\">\n\t\t\t\t\t\t<div class=\"elementor-container elementor-column-gap-no\">\n\t\t\t\t\t<div class=\"elementor-column elementor-col-100 elementor-top-column elementor-element elementor-element-c91d849\" data-id=\"c91d849\" data-element_type=\"column\" data-e-type=\"column\">\n\t\t\t<div class=\"elementor-widget-wrap elementor-element-populated\">\n\t\t\t\t\t\t<div class=\"elementor-element elementor-element-5e6df81 elementor-widget elementor-widget-jet-wishlist\" data-id=\"5e6df81\" data-element_type=\"widget\" data-e-type=\"widget\" data-widget_type=\"jet-wishlist.default\">\n\t\t\t\t<div class=\"elementor-widget-container\">\n\t\t\t\t\t<div class=\"jet-wishlist jet-cw\">\t\t\t<div class=\"jet-wishlist__content woocommerce jet-wishlist-products--preset-1\" data-widget-type=\"jet-wishlist\" data-widget-id=\"5e6df81\">\n\t\t\t\t<h5 class=\"jet-wishlist-empty\">No se agregaron productos a la lista de deseos.<\/h5>\n\t\t\t<\/div>\n\t\t\t<\/div>\t\t\t\t<\/div>\n\t\t\t\t<\/div>\n\t\t\t\t\t<\/div>\n\t\t<\/div>\n\t\t\t\t\t<\/div>\n\t\t<\/section>\n\t\t\t\t<\/div>","protected":false},"excerpt":{"rendered":"<p>Usuario inicio Cintur\u00f3n para Patear y&#8230; &#x20a1;17.500A\u00f1adir al carrito Calcetas 6 Pares Adidas &#x20a1;10.000A\u00f1adir al carrito<\/p>","protected":false},"author":1,"featured_media":0,"parent":0,"menu_order":9,"comment_status":"closed","ping_status":"closed","template":"elementor_header_footer","meta":{"_joinchat":[],"footnotes":""},"class_list":["post-581","page","type-page","status-publish","hentry"],"yoast_head":"<!-- This site is optimized with the Yoast SEO plugin v27.4 - https:\/\/yoast.com\/product\/yoast-seo-wordpress\/ -->\n<title>Lista de Deseos - A&amp;G Sports<\/title>\n<meta name=\"robots\" content=\"index, follow, max-snippet:-1, max-image-preview:large, max-video-preview:-1\" \/>\n<link rel=\"canonical\" href=\"https:\/\/aygsport.ijimage.com\/en\/lista-de-deseos\/\" \/>\n<meta property=\"og:locale\" content=\"en_US\" \/>\n<meta property=\"og:type\" content=\"article\" \/>\n<meta property=\"og:title\" content=\"Lista de Deseos - A&amp;G Sports\" \/>\n<meta property=\"og:description\" content=\"Usuario inicio Cintur\u00f3n para Patear y&#8230; &#x20a1;17.500A\u00f1adir al carrito Calcetas 6 Pares Adidas &#x20a1;10.000A\u00f1adir al carrito\" \/>\n<meta property=\"og:url\" content=\"https:\/\/aygsport.ijimage.com\/en\/lista-de-deseos\/\" \/>\n<meta property=\"og:site_name\" content=\"A&amp;G Sports\" \/>\n<meta property=\"article:modified_time\" content=\"2023-06-26T23:33:21+00:00\" \/>\n<meta property=\"og:image\" content=\"https:\/\/aygsport.ijimage.com\/wp-content\/uploads\/producto1.jpg\" \/>\n<meta name=\"twitter:card\" content=\"summary_large_image\" \/>\n<meta name=\"twitter:label1\" content=\"Est. reading time\" \/>\n\t<meta name=\"twitter:data1\" content=\"1 minute\" \/>\n<script type=\"application\/ld+json\" class=\"yoast-schema-graph\">{\"@context\":\"https:\\\/\\\/schema.org\",\"@graph\":[{\"@type\":\"WebPage\",\"@id\":\"https:\\\/\\\/aygsport.ijimage.com\\\/lista-de-deseos\\\/\",\"url\":\"https:\\\/\\\/aygsport.ijimage.com\\\/lista-de-deseos\\\/\",\"name\":\"Lista de Deseos - A&amp;G Sports\",\"isPartOf\":{\"@id\":\"https:\\\/\\\/aygsport.ijimage.com\\\/#website\"},\"primaryImageOfPage\":{\"@id\":\"https:\\\/\\\/aygsport.ijimage.com\\\/lista-de-deseos\\\/#primaryimage\"},\"image\":{\"@id\":\"https:\\\/\\\/aygsport.ijimage.com\\\/lista-de-deseos\\\/#primaryimage\"},\"thumbnailUrl\":\"https:\\\/\\\/aygsport.ijimage.com\\\/wp-content\\\/uploads\\\/producto1.jpg\",\"datePublished\":\"2023-06-26T22:49:38+00:00\",\"dateModified\":\"2023-06-26T23:33:21+00:00\",\"breadcrumb\":{\"@id\":\"https:\\\/\\\/aygsport.ijimage.com\\\/lista-de-deseos\\\/#breadcrumb\"},\"inLanguage\":\"en-US\",\"potentialAction\":[{\"@type\":\"ReadAction\",\"target\":[\"https:\\\/\\\/aygsport.ijimage.com\\\/lista-de-deseos\\\/\"]}]},{\"@type\":\"ImageObject\",\"inLanguage\":\"en-US\",\"@id\":\"https:\\\/\\\/aygsport.ijimage.com\\\/lista-de-deseos\\\/#primaryimage\",\"url\":\"https:\\\/\\\/aygsport.ijimage.com\\\/wp-content\\\/uploads\\\/producto1.jpg\",\"contentUrl\":\"https:\\\/\\\/aygsport.ijimage.com\\\/wp-content\\\/uploads\\\/producto1.jpg\"},{\"@type\":\"BreadcrumbList\",\"@id\":\"https:\\\/\\\/aygsport.ijimage.com\\\/lista-de-deseos\\\/#breadcrumb\",\"itemListElement\":[{\"@type\":\"ListItem\",\"position\":1,\"name\":\"Home\",\"item\":\"https:\\\/\\\/aygsport.ijimage.com\\\/\"},{\"@type\":\"ListItem\",\"position\":2,\"name\":\"Lista de Deseos\"}]},{\"@type\":\"WebSite\",\"@id\":\"https:\\\/\\\/aygsport.ijimage.com\\\/#website\",\"url\":\"https:\\\/\\\/aygsport.ijimage.com\\\/\",\"name\":\"A&amp;G Sports\",\"description\":\"Ropa Deportiva y Accesorios\",\"publisher\":{\"@id\":\"https:\\\/\\\/aygsport.ijimage.com\\\/#organization\"},\"potentialAction\":[{\"@type\":\"SearchAction\",\"target\":{\"@type\":\"EntryPoint\",\"urlTemplate\":\"https:\\\/\\\/aygsport.ijimage.com\\\/?s={search_term_string}\"},\"query-input\":{\"@type\":\"PropertyValueSpecification\",\"valueRequired\":true,\"valueName\":\"search_term_string\"}}],\"inLanguage\":\"en-US\"},{\"@type\":\"Organization\",\"@id\":\"https:\\\/\\\/aygsport.ijimage.com\\\/#organization\",\"name\":\"A&amp;G Sports\",\"url\":\"https:\\\/\\\/aygsport.ijimage.com\\\/\",\"logo\":{\"@type\":\"ImageObject\",\"inLanguage\":\"en-US\",\"@id\":\"https:\\\/\\\/aygsport.ijimage.com\\\/#\\\/schema\\\/logo\\\/image\\\/\",\"url\":\"https:\\\/\\\/aygsport.ijimage.com\\\/wp-content\\\/uploads\\\/A_G_Sport_Logo-Web.png\",\"contentUrl\":\"https:\\\/\\\/aygsport.ijimage.com\\\/wp-content\\\/uploads\\\/A_G_Sport_Logo-Web.png\",\"width\":200,\"height\":110,\"caption\":\"A&amp;G Sports\"},\"image\":{\"@id\":\"https:\\\/\\\/aygsport.ijimage.com\\\/#\\\/schema\\\/logo\\\/image\\\/\"}}]}<\/script>\n<!-- \/ Yoast SEO plugin. -->","yoast_head_json":{"title":"Lista de Deseos - A&amp;G Sports","robots":{"index":"index","follow":"follow","max-snippet":"max-snippet:-1","max-image-preview":"max-image-preview:large","max-video-preview":"max-video-preview:-1"},"canonical":"https:\/\/aygsport.ijimage.com\/en\/lista-de-deseos\/","og_locale":"en_US","og_type":"article","og_title":"Lista de Deseos - A&amp;G Sports","og_description":"Usuario inicio Cintur\u00f3n para Patear y&#8230; &#x20a1;17.500A\u00f1adir al carrito Calcetas 6 Pares Adidas &#x20a1;10.000A\u00f1adir al carrito","og_url":"https:\/\/aygsport.ijimage.com\/en\/lista-de-deseos\/","og_site_name":"A&amp;G Sports","article_modified_time":"2023-06-26T23:33:21+00:00","og_image":[{"url":"https:\/\/aygsport.ijimage.com\/wp-content\/uploads\/producto1.jpg","type":"","width":"","height":""}],"twitter_card":"summary_large_image","twitter_misc":{"Est. reading time":"1 minute"},"schema":{"@context":"https:\/\/schema.org","@graph":[{"@type":"WebPage","@id":"https:\/\/aygsport.ijimage.com\/lista-de-deseos\/","url":"https:\/\/aygsport.ijimage.com\/lista-de-deseos\/","name":"Lista de Deseos - A&amp;G Sports","isPartOf":{"@id":"https:\/\/aygsport.ijimage.com\/#website"},"primaryImageOfPage":{"@id":"https:\/\/aygsport.ijimage.com\/lista-de-deseos\/#primaryimage"},"image":{"@id":"https:\/\/aygsport.ijimage.com\/lista-de-deseos\/#primaryimage"},"thumbnailUrl":"https:\/\/aygsport.ijimage.com\/wp-content\/uploads\/producto1.jpg","datePublished":"2023-06-26T22:49:38+00:00","dateModified":"2023-06-26T23:33:21+00:00","breadcrumb":{"@id":"https:\/\/aygsport.ijimage.com\/lista-de-deseos\/#breadcrumb"},"inLanguage":"en-US","potentialAction":[{"@type":"ReadAction","target":["https:\/\/aygsport.ijimage.com\/lista-de-deseos\/"]}]},{"@type":"ImageObject","inLanguage":"en-US","@id":"https:\/\/aygsport.ijimage.com\/lista-de-deseos\/#primaryimage","url":"https:\/\/aygsport.ijimage.com\/wp-content\/uploads\/producto1.jpg","contentUrl":"https:\/\/aygsport.ijimage.com\/wp-content\/uploads\/producto1.jpg"},{"@type":"BreadcrumbList","@id":"https:\/\/aygsport.ijimage.com\/lista-de-deseos\/#breadcrumb","itemListElement":[{"@type":"ListItem","position":1,"name":"Home","item":"https:\/\/aygsport.ijimage.com\/"},{"@type":"ListItem","position":2,"name":"Lista de Deseos"}]},{"@type":"WebSite","@id":"https:\/\/aygsport.ijimage.com\/#website","url":"https:\/\/aygsport.ijimage.com\/","name":"A&amp;G Sports","description":"Ropa Deportiva y Accesorios","publisher":{"@id":"https:\/\/aygsport.ijimage.com\/#organization"},"potentialAction":[{"@type":"SearchAction","target":{"@type":"EntryPoint","urlTemplate":"https:\/\/aygsport.ijimage.com\/?s={search_term_string}"},"query-input":{"@type":"PropertyValueSpecification","valueRequired":true,"valueName":"search_term_string"}}],"inLanguage":"en-US"},{"@type":"Organization","@id":"https:\/\/aygsport.ijimage.com\/#organization","name":"A&amp;G Sports","url":"https:\/\/aygsport.ijimage.com\/","logo":{"@type":"ImageObject","inLanguage":"en-US","@id":"https:\/\/aygsport.ijimage.com\/#\/schema\/logo\/image\/","url":"https:\/\/aygsport.ijimage.com\/wp-content\/uploads\/A_G_Sport_Logo-Web.png","contentUrl":"https:\/\/aygsport.ijimage.com\/wp-content\/uploads\/A_G_Sport_Logo-Web.png","width":200,"height":110,"caption":"A&amp;G Sports"},"image":{"@id":"https:\/\/aygsport.ijimage.com\/#\/schema\/logo\/image\/"}}]}},"_links":{"self":[{"href":"https:\/\/aygsport.ijimage.com\/en\/wp-json\/wp\/v2\/pages\/581","targetHints":{"allow":["GET"]}}],"collection":[{"href":"https:\/\/aygsport.ijimage.com\/en\/wp-json\/wp\/v2\/pages"}],"about":[{"href":"https:\/\/aygsport.ijimage.com\/en\/wp-json\/wp\/v2\/types\/page"}],"author":[{"embeddable":true,"href":"https:\/\/aygsport.ijimage.com\/en\/wp-json\/wp\/v2\/users\/1"}],"replies":[{"embeddable":true,"href":"https:\/\/aygsport.ijimage.com\/en\/wp-json\/wp\/v2\/comments?post=581"}],"version-history":[{"count":16,"href":"https:\/\/aygsport.ijimage.com\/en\/wp-json\/wp\/v2\/pages\/581\/revisions"}],"predecessor-version":[{"id":655,"href":"https:\/\/aygsport.ijimage.com\/en\/wp-json\/wp\/v2\/pages\/581\/revisions\/655"}],"wp:attachment":[{"href":"https:\/\/aygsport.ijimage.com\/en\/wp-json\/wp\/v2\/media?parent=581"}],"curies":[{"name":"wp","href":"https:\/\/api.w.org\/{rel}","templated":true}]}}